{"id":42,"date":"2013-04-29T20:22:40","date_gmt":"2013-04-29T18:22:40","guid":{"rendered":"http:\/\/zupa-marijagorica.hr\/web\/?page_id=42"},"modified":"2019-01-06T23:07:11","modified_gmt":"2019-01-06T21:07:11","slug":"gdje-se-nalazimo","status":"publish","type":"page","link":"http:\/\/zupa-marijagorica.hr\/web\/gdje-se-nalazimo","title":{"rendered":"Gdje se nalazimo"},"content":{"rendered":"<p>\u017dupa se nalazi u op\u0107ini Marija Gorica<br \/>\nu Zagreba\u010dkoj \u017eupaniji. Vi\u0161e podataka<br \/>\npogledajte na web stranici:<\/p>\n<p><a href=\"http:\/\/www.marija-gorica.hr\/index.php\/hr\/opcinska-uprava\/geografski-polozaj\" target=\"_blank\">http:\/\/www.marija-gorica.hr<\/a><\/p>\n","protected":false},"excerpt":{"rendered":"<p>\u017dupa se nalazi u op\u0107ini Marija Gorica u Zagreba\u010dkoj \u017eupaniji. Vi\u0161e podataka pogledajte na web stranici: http:\/\/www.marija-gorica.hr<\/p>\n","protected":false},"author":1,"featured_media":0,"parent":0,"menu_order":0,"comment_status":"closed","ping_status":"closed","template":"","meta":[],"_links":{"self":[{"href":"http:\/\/zupa-marijagorica.hr\/web\/wp-json\/wp\/v2\/pages\/42"}],"collection":[{"href":"http:\/\/zupa-marijagorica.hr\/web\/wp-json\/wp\/v2\/pages"}],"about":[{"href":"http:\/\/zupa-marijagorica.hr\/web\/wp-json\/wp\/v2\/types\/page"}],"author":[{"embeddable":true,"href":"http:\/\/zupa-marijagorica.hr\/web\/wp-json\/wp\/v2\/users\/1"}],"replies":[{"embeddable":true,"href":"http:\/\/zupa-marijagorica.hr\/web\/wp-json\/wp\/v2\/comments?post=42"}],"version-history":[{"count":6,"href":"http:\/\/zupa-marijagorica.hr\/web\/wp-json\/wp\/v2\/pages\/42\/revisions"}],"predecessor-version":[{"id":67,"href":"http:\/\/zupa-marijagorica.hr\/web\/wp-json\/wp\/v2\/pages\/42\/revisions\/67"}],"wp:attachment":[{"href":"http:\/\/zupa-marijagorica.hr\/web\/wp-json\/wp\/v2\/media?parent=42"}],"curies":[{"name":"wp","href":"https:\/\/api.w.org\/{rel}","templated":true}]}}