{"id":191,"date":"2015-09-08T05:08:02","date_gmt":"2015-09-08T03:08:02","guid":{"rendered":"http:\/\/zupa-marijagorica.hr\/web\/?page_id=191"},"modified":"2015-09-08T05:08:02","modified_gmt":"2015-09-08T03:08:02","slug":"zdravo-kraljice","status":"publish","type":"page","link":"http:\/\/zupa-marijagorica.hr\/web\/zdravo-kraljice","title":{"rendered":"Zdravo Kraljice"},"content":{"rendered":"<p>Zdravo Kraljice, majko milosr\u0111a,<br \/>\n\u017divote, slasti i ufanje na\u0161e, zdravo.<br \/>\nK tebi vapijemo prognani sinovi Evini.<br \/>\nK tebi uzdi\u0161emo tuguju\u0107i i pla\u010du\u0107i<br \/>\nU ovoj suznoj dolini.<br \/>\nSvrni, dakle, zagovornice na\u0161a,<br \/>\nOne svoje milostive o\u010di na nas<br \/>\nTe nam poslije ovoga progona<br \/>\nPoka\u017ei Isusa, blagoslovljeni plod utrobe svoje,<br \/>\nO blaga, o mila, o slatka djevice Marijo!<\/p>\n","protected":false},"excerpt":{"rendered":"<p>Zdravo Kraljice, majko milosr\u0111a, \u017divote, slasti i ufanje na\u0161e, zdravo. K tebi vapijemo prognani sinovi Evini. K tebi uzdi\u0161emo tuguju\u0107i i pla\u010du\u0107i U ovoj suznoj dolini. Svrni, dakle, zagovornice na\u0161a, One svoje milostive o\u010di na nas Te nam poslije ovoga &hellip; <a class=\"more-link\" href=\"http:\/\/zupa-marijagorica.hr\/web\/zdravo-kraljice\">Continue reading <span class=\"meta-nav\">&rarr;<\/span><\/a><\/p>\n","protected":false},"author":1,"featured_media":0,"parent":0,"menu_order":0,"comment_status":"closed","ping_status":"closed","template":"","meta":[],"_links":{"self":[{"href":"http:\/\/zupa-marijagorica.hr\/web\/wp-json\/wp\/v2\/pages\/191"}],"collection":[{"href":"http:\/\/zupa-marijagorica.hr\/web\/wp-json\/wp\/v2\/pages"}],"about":[{"href":"http:\/\/zupa-marijagorica.hr\/web\/wp-json\/wp\/v2\/types\/page"}],"author":[{"embeddable":true,"href":"http:\/\/zupa-marijagorica.hr\/web\/wp-json\/wp\/v2\/users\/1"}],"replies":[{"embeddable":true,"href":"http:\/\/zupa-marijagorica.hr\/web\/wp-json\/wp\/v2\/comments?post=191"}],"version-history":[{"count":1,"href":"http:\/\/zupa-marijagorica.hr\/web\/wp-json\/wp\/v2\/pages\/191\/revisions"}],"predecessor-version":[{"id":192,"href":"http:\/\/zupa-marijagorica.hr\/web\/wp-json\/wp\/v2\/pages\/191\/revisions\/192"}],"wp:attachment":[{"href":"http:\/\/zupa-marijagorica.hr\/web\/wp-json\/wp\/v2\/media?parent=191"}],"curies":[{"name":"wp","href":"https:\/\/api.w.org\/{rel}","templated":true}]}}