{"id":182,"date":"2015-09-08T05:01:32","date_gmt":"2015-09-08T03:01:32","guid":{"rendered":"http:\/\/zupa-marijagorica.hr\/web\/?page_id=182"},"modified":"2017-02-22T20:54:34","modified_gmt":"2017-02-22T18:54:34","slug":"andeoski-pozdrav","status":"publish","type":"page","link":"http:\/\/zupa-marijagorica.hr\/web\/andeoski-pozdrav","title":{"rendered":"An\u0111eoski pozdrav"},"content":{"rendered":"<p><strong>An\u0111eo Gospodnji navijestio Mariji.<br \/>\nI ona je za\u010dela po Duhu Svetomu.<\/strong><\/p>\n<p>Zdravo, Marijo,<br \/>\nmilosti puna, Gospodin s tobom.<br \/>\nBlagoslovljena ti me\u0111u \u017eenama<br \/>\ni blagoslovljen plod utrobe tvoje, Isus.<br \/>\nSveta Marijo, Majko Bo\u017eja,<br \/>\nmoli za nas gre\u0161nike,<br \/>\nsada i na \u010dasu smrti na\u0161e.<br \/>\nAmen.<\/p>\n<p><strong>Evo slu\u017ebenice Gospodnje.<br \/>\nNeka mi bude po rije\u010di tvojoj.<\/strong><\/p>\n<p>Zdravo, Marijo,<br \/>\nmilosti puna, Gospodin s tobom.<br \/>\nBlagoslovljena ti me\u0111u \u017eenama<br \/>\ni blagoslovljen plod utrobe tvoje, Isus.<br \/>\nSveta Marijo, Majko Bo\u017eja,<br \/>\nmoli za nas gre\u0161nike,<br \/>\nsada i na \u010dasu smrti na\u0161e.<br \/>\nAmen.<\/p>\n<p><strong>I Rije\u010d je tijelom postala.<br \/>\nI prebivala me\u0111u nama.<\/strong><\/p>\n<p>Zdravo, Marijo,<br \/>\nmilosti puna, Gospodin s tobom.<br \/>\nBlagoslovljena ti me\u0111u \u017eenama<br \/>\ni blagoslovljen plod utrobe tvoje, Isus.<br \/>\nSveta Marijo, Majko Bo\u017eja,<br \/>\nmoli za nas gre\u0161nike,<br \/>\nsada i na \u010dasu smrti na\u0161e.<br \/>\nAmen.<\/p>\n<p>Moli za nas, sveta Bogorodice.<br \/>\nDa dostojni postanemo obe\u0107anja Kristovih.<\/p>\n<p><strong>Pomolimo se<\/strong><\/p>\n<p>Milost svoju, molimo te, Gospodine, <br \/>ulij u du\u0161e na\u0161e da mi,<br \/>\nkoji smo po an\u0111elovu navje\u0161tenju <br \/>spoznali utjelovljenje Krista, Sina tvoga,<br \/>\npo muci njegovoj i kri\u017eu k slavi <br \/>uskrsnu\u0107a privedeni budemo.<br \/>\nPo istom Kristu Gospodinu na\u0161emu.<\/p>\n<p>Amen.<\/p>\n","protected":false},"excerpt":{"rendered":"<p>An\u0111eo Gospodnji navijestio Mariji. I ona je za\u010dela po Duhu Svetomu. Zdravo, Marijo, milosti puna, Gospodin s tobom. Blagoslovljena ti me\u0111u \u017eenama i blagoslovljen plod utrobe tvoje, Isus. Sveta Marijo, Majko Bo\u017eja, moli za nas gre\u0161nike, sada i na \u010dasu &hellip; <a class=\"more-link\" href=\"http:\/\/zupa-marijagorica.hr\/web\/andeoski-pozdrav\">Continue reading <span class=\"meta-nav\">&rarr;<\/span><\/a><\/p>\n","protected":false},"author":1,"featured_media":0,"parent":0,"menu_order":0,"comment_status":"closed","ping_status":"closed","template":"","meta":[],"_links":{"self":[{"href":"http:\/\/zupa-marijagorica.hr\/web\/wp-json\/wp\/v2\/pages\/182"}],"collection":[{"href":"http:\/\/zupa-marijagorica.hr\/web\/wp-json\/wp\/v2\/pages"}],"about":[{"href":"http:\/\/zupa-marijagorica.hr\/web\/wp-json\/wp\/v2\/types\/page"}],"author":[{"embeddable":true,"href":"http:\/\/zupa-marijagorica.hr\/web\/wp-json\/wp\/v2\/users\/1"}],"replies":[{"embeddable":true,"href":"http:\/\/zupa-marijagorica.hr\/web\/wp-json\/wp\/v2\/comments?post=182"}],"version-history":[{"count":5,"href":"http:\/\/zupa-marijagorica.hr\/web\/wp-json\/wp\/v2\/pages\/182\/revisions"}],"predecessor-version":[{"id":1038,"href":"http:\/\/zupa-marijagorica.hr\/web\/wp-json\/wp\/v2\/pages\/182\/revisions\/1038"}],"wp:attachment":[{"href":"http:\/\/zupa-marijagorica.hr\/web\/wp-json\/wp\/v2\/media?parent=182"}],"curies":[{"name":"wp","href":"https:\/\/api.w.org\/{rel}","templated":true}]}}