{"id":178,"date":"2015-09-08T04:58:28","date_gmt":"2015-09-08T02:58:28","guid":{"rendered":"http:\/\/zupa-marijagorica.hr\/web\/?page_id=178"},"modified":"2017-02-22T21:06:20","modified_gmt":"2017-02-22T19:06:20","slug":"zdravo-marijo","status":"publish","type":"page","link":"http:\/\/zupa-marijagorica.hr\/web\/zdravo-marijo","title":{"rendered":"Zdravo Marijo"},"content":{"rendered":"<p>Zdravo, Marijo,<br \/>\nmilosti puna, Gospodin s tobom.<br \/>\nBlagoslovljena ti me\u0111u \u017eenama<br \/>\ni blagoslovljen plod utrobe tvoje, Isus.<br \/>\nSveta Marijo, Majko Bo\u017eja,<br \/>\nmoli za nas gre\u0161nike,<br \/>\nsada i na \u010dasu smrti na\u0161e.<br \/>\nAmen.<\/p>\n","protected":false},"excerpt":{"rendered":"<p>Zdravo, Marijo, milosti puna, Gospodin s tobom. Blagoslovljena ti me\u0111u \u017eenama i blagoslovljen plod utrobe tvoje, Isus. Sveta Marijo, Majko Bo\u017eja, moli za nas gre\u0161nike, sada i na \u010dasu smrti na\u0161e. Amen.<\/p>\n","protected":false},"author":1,"featured_media":0,"parent":0,"menu_order":0,"comment_status":"closed","ping_status":"closed","template":"","meta":[],"_links":{"self":[{"href":"http:\/\/zupa-marijagorica.hr\/web\/wp-json\/wp\/v2\/pages\/178"}],"collection":[{"href":"http:\/\/zupa-marijagorica.hr\/web\/wp-json\/wp\/v2\/pages"}],"about":[{"href":"http:\/\/zupa-marijagorica.hr\/web\/wp-json\/wp\/v2\/types\/page"}],"author":[{"embeddable":true,"href":"http:\/\/zupa-marijagorica.hr\/web\/wp-json\/wp\/v2\/users\/1"}],"replies":[{"embeddable":true,"href":"http:\/\/zupa-marijagorica.hr\/web\/wp-json\/wp\/v2\/comments?post=178"}],"version-history":[{"count":2,"href":"http:\/\/zupa-marijagorica.hr\/web\/wp-json\/wp\/v2\/pages\/178\/revisions"}],"predecessor-version":[{"id":1048,"href":"http:\/\/zupa-marijagorica.hr\/web\/wp-json\/wp\/v2\/pages\/178\/revisions\/1048"}],"wp:attachment":[{"href":"http:\/\/zupa-marijagorica.hr\/web\/wp-json\/wp\/v2\/media?parent=178"}],"curies":[{"name":"wp","href":"https:\/\/api.w.org\/{rel}","templated":true}]}}