{"id":15,"date":"2013-04-28T18:12:33","date_gmt":"2013-04-28T16:12:33","guid":{"rendered":"http:\/\/zupa-marijagorica.hr\/web\/?page_id=15"},"modified":"2016-10-08T20:17:09","modified_gmt":"2016-10-08T18:17:09","slug":"kontakt","status":"publish","type":"page","link":"http:\/\/zupa-marijagorica.hr\/web\/kontakt","title":{"rendered":"Raspored Svetih misa"},"content":{"rendered":"<p><strong>Nedjeljom:<\/strong><\/p>\n<p>8:00 sati &#8211; Marija Gorica<br \/>\n9:30 sati &#8211; Sveti Kri\u017e<br \/>\n11:00 sati &#8211; Marija Gorica<\/p>\n<p>osim ako nije druga\u010dije navedeno u<br \/>\ntjednim obavijestima !!!<\/p>\n<p><strong>Radnim danom<\/strong> &#8211; pogledajte u rubrici<br \/>\nobavijesti za teku\u0107i tjedan!!!<\/p>\n","protected":false},"excerpt":{"rendered":"<p>Nedjeljom: 8:00 sati &#8211; Marija Gorica 9:30 sati &#8211; Sveti Kri\u017e 11:00 sati &#8211; Marija Gorica osim ako nije druga\u010dije navedeno u tjednim obavijestima !!! Radnim danom &#8211; pogledajte u rubrici obavijesti za teku\u0107i tjedan!!!<\/p>\n","protected":false},"author":1,"featured_media":0,"parent":0,"menu_order":0,"comment_status":"closed","ping_status":"closed","template":"","meta":[],"_links":{"self":[{"href":"http:\/\/zupa-marijagorica.hr\/web\/wp-json\/wp\/v2\/pages\/15"}],"collection":[{"href":"http:\/\/zupa-marijagorica.hr\/web\/wp-json\/wp\/v2\/pages"}],"about":[{"href":"http:\/\/zupa-marijagorica.hr\/web\/wp-json\/wp\/v2\/types\/page"}],"author":[{"embeddable":true,"href":"http:\/\/zupa-marijagorica.hr\/web\/wp-json\/wp\/v2\/users\/1"}],"replies":[{"embeddable":true,"href":"http:\/\/zupa-marijagorica.hr\/web\/wp-json\/wp\/v2\/comments?post=15"}],"version-history":[{"count":11,"href":"http:\/\/zupa-marijagorica.hr\/web\/wp-json\/wp\/v2\/pages\/15\/revisions"}],"predecessor-version":[{"id":882,"href":"http:\/\/zupa-marijagorica.hr\/web\/wp-json\/wp\/v2\/pages\/15\/revisions\/882"}],"wp:attachment":[{"href":"http:\/\/zupa-marijagorica.hr\/web\/wp-json\/wp\/v2\/media?parent=15"}],"curies":[{"name":"wp","href":"https:\/\/api.w.org\/{rel}","templated":true}]}}