{"id":113,"date":"2013-05-21T17:23:24","date_gmt":"2013-05-21T15:23:24","guid":{"rendered":"http:\/\/zupa-marijagorica.hr\/web\/?page_id=113"},"modified":"2017-05-07T21:13:16","modified_gmt":"2017-05-07T19:13:16","slug":"zenidba","status":"publish","type":"page","link":"http:\/\/zupa-marijagorica.hr\/web\/zenidba","title":{"rendered":"\u017denidba"},"content":{"rendered":"<p>Prema odredbi Crkve, sakramenti se redovito primaju u \u017eupi stanovanja. Za primanje sakramenata izvan \u017eupe stanovanja potreban je valjani razlog na osnovu kojega \u017eupnik mo\u017ee dati dozvolu za primanje sakramenata izvan \u017eupe.<\/p>\n<p>Crkva ne dopu\u0161ta primanje sakramenata bez dostatne priprave onih koji ih \u017eele primiti, a kod male djece pripravu poha\u0111aju roditelji i kumovi.<\/p>\n<p><strong>\u017dENIDBA<\/strong><\/p>\n<p>Zaru\u010dnici koji se \u017eele vjen\u010dati trebaju obaviti zaru\u010dni\u010dki te\u010daj. Raspored odr\u017eavanja te\u010dajeva nalazi se uvijek izvje\u0161en na oglasnoj plo\u010di u crkvi, a zaru\u010dnici ga mogu obaviti i nekoliko mjeseci prije vjen\u010danja. Predavanja na te\u010daju traju tjedan dana, a odr\u017eavaju ih sve\u0107enik, profesor psihologije, lije\u010dnik i supruzi.<\/p>\n<p>Zaru\u010dnici se trebaju javiti u \u017eupni ured u kojem se namjeravaju vjen\u010dati 30 do 40 dana prije vjen\u010danja. Zaru\u010dnici koji nisu primili sve sakramente inicijacije (kr\u0161tenje, potvrda, pri\u010dest) neka se jave u \u017eupni ured ranije (najbolje je po\u010detkom listopada) da mogu zapo\u010deti pripravu za primanje tih sakramenata.<\/p>\n<p><strong>Dokumenti koji su potrebni:<\/strong><\/p>\n<p>1. U \u017eupnom uredu \u017eupe u kojoj su kr\u0161teni potrebno je izvaditi KRSNI LIST ZA VJEN\u010cANJE (KRSNI &#8211; SLOBODNI LIST). Krsni list za vjen\u010danje ne smije biti stariji od 180 dana. Tada zaru\u010dnici svoje krsne listove donose i predaju u \u017eupni ured.<\/p>\n<p>2. Da bi njihov brak vrijedio i za gra\u0111ansko podru\u010dje tada moraju po\u0107i u Mati\u010dni ured ZAPRE\u0160I\u0106 i tamo \u0107e zatra\u017eiti POTVRDU O ISPUNJAVANJU CIVILNIH PRETPOSTAVKI ZA SKLAPANJE BRAKA. Ta potvrda ne smije biti starija od 90 dana. Za ovu potvrdu potrebno je mati\u010daru donijeti: novi IZVOD IZ MATI\u010cNE KNJIGE RO\u0110ENIH, OSOBNU ISKAZNICU I DOMOVNICU. Nakon \u0161to im mati\u010dar izda tra\u017eenu potvrdu, oni je donose i predaju u \u017eupni ured.<\/p>\n<p><strong>TIJEK SAKRAMENTA \u017dENIDBE &#8211; SLAVLJENJE \u017dENIDBE<\/strong><\/p>\n<p>Svi ustanu, a svjedoci se rasporede s obje strane. Sve\u0107enik se prigodnim rije\u010dima obrati zaru\u010dnicima.<\/p>\n<p><strong>Sve\u0107enik:<\/strong><\/p>\n<p>I. i I., jeste li ovamo do\u0161li bez prisile, da slobodno i<br \/>\nposve svjesno sklopite \u017eenidbu?<\/p>\n<p><strong>Zaru\u010dnici<\/strong> (svako za sebe):<br \/>\nJesam!<\/p>\n<p><strong>Sve\u0107enik:<\/strong><br \/>\nJeste li spremni u braku za cijeloga svog \u017eivota<br \/>\njedno drugo ljubiti i po\u0161tovati?<\/p>\n<p><strong>Zaru\u010dnici<\/strong> (svako za sebe):<br \/>\nJesam!<\/p>\n<p><strong>Sve\u0107enik:<\/strong><br \/>\nJeste li spremni s ljubavlju od Boga primiti djecu i<br \/>\nodgajati ih po zakonu Krista i njegove Crkve?<\/p>\n<p><strong>Zaru\u010dnici<\/strong> (svako za sebe):<br \/>\nJesam!<\/p>\n<p><strong>Sve\u0107enik:<\/strong><br \/>\nKad ste dakle naumili sklopiti sveti \u017eenidbeni<br \/>\nsavez, pru\u017eite jedno drugomu desnu ruku te pred<br \/>\nBogom i njegovom Crkvom izrazite svoju privolu.<\/p>\n<p>Zaru\u010dnici pru\u017ee jedno drugomu desnu ruku.<\/p>\n<p><strong>Zaru\u010dnik<\/strong> ka\u017ee:<br \/>\nJa, (zaru\u010dnik izgovara svoje ime ), uzimam tebe, (ime zaru\u010dnice), za svoju suprugu i obe\u0107avam ti vjernost u dobru i zlu, u zdravlju i bolesti i da \u0107u te ljubiti i po\u0161tovati u sve dane \u017eivota svoga.<\/p>\n<p><strong>Zaru\u010dnica<\/strong> ka\u017ee:<br \/>\nJa, (zaru\u010dnica izgovara svoje ime), uzimam tebe, (ime zaru\u010dnika), za svoga supruga i obe\u0107avam ti vjernost u dobru i zlu, u zdravlju i bolesti i da \u0107u te ljubiti i po\u0161tovati u sve dane \u017eivota svoga.<\/p>\n<p><strong>Sve\u0107enik:<\/strong><br \/>\nGospodin vam bio dobrostiv&#8230;&#8230;.<br \/>\n\u0160to Bog zdru\u017ei \u010dovjek neka ne rastavlja.<br \/>\nAmen.<\/p>\n<p><strong>Sve\u0107enik:<\/strong><br \/>\nBlagoslivljajmo Gospodina<\/p>\n<p><strong>Svi prisutni:<\/strong> Bogu hvala<\/p>\n<p>Sve\u0107enik sada uzme raspelo, a mladenci stave desnu ruku na raspelo.<br \/>\nPrvo mladenac, a onda mladenka ka\u017ee:<br \/>\nTako mi pomogao Bog, Bla\u017eena Djevica Marija i svi sveci Bo\u017eji!<\/p>\n<p>Sada sve\u0107enik blagoslivlja prstene:<br \/>\nBlagoslovio Gospodin ove prstene \u0161to \u0107ete ih jedno<br \/>\ndrugomu predati u znak ljubavi i vjernosti.<br \/>\nAmen.<\/p>\n<p>Zaru\u010dnik uzme prsten i stavlja ga zaru\u010dnici na prstenjak, pri tome govori:<br \/>\n(Ime zaru\u010dnice), primi ovaj prsten u znak moje ljubavi i vjernosti.<br \/>\nU ime Oca i Sina i Duha Svetoga.<\/p>\n<p>Zaru\u010dnica uzme prsten i stavlja ga zaru\u010dniku na prstenjak, i govori:<br \/>\n(Ime zaru\u010dnika), primi ovaj prsten<br \/>\nu znak moje ljubavi i vjernosti.<br \/>\nU ime Oca i Sina i Duha Svetoga.<\/p>\n<p><\/p>\n","protected":false},"excerpt":{"rendered":"<p>Prema odredbi Crkve, sakramenti se redovito primaju u \u017eupi stanovanja. Za primanje sakramenata izvan \u017eupe stanovanja potreban je valjani razlog na osnovu kojega \u017eupnik mo\u017ee dati dozvolu za primanje sakramenata izvan \u017eupe. Crkva ne dopu\u0161ta primanje sakramenata bez dostatne priprave &hellip; <a class=\"more-link\" href=\"http:\/\/zupa-marijagorica.hr\/web\/zenidba\">Continue reading <span class=\"meta-nav\">&rarr;<\/span><\/a><\/p>\n","protected":false},"author":1,"featured_media":0,"parent":0,"menu_order":0,"comment_status":"closed","ping_status":"closed","template":"","meta":[],"_links":{"self":[{"href":"http:\/\/zupa-marijagorica.hr\/web\/wp-json\/wp\/v2\/pages\/113"}],"collection":[{"href":"http:\/\/zupa-marijagorica.hr\/web\/wp-json\/wp\/v2\/pages"}],"about":[{"href":"http:\/\/zupa-marijagorica.hr\/web\/wp-json\/wp\/v2\/types\/page"}],"author":[{"embeddable":true,"href":"http:\/\/zupa-marijagorica.hr\/web\/wp-json\/wp\/v2\/users\/1"}],"replies":[{"embeddable":true,"href":"http:\/\/zupa-marijagorica.hr\/web\/wp-json\/wp\/v2\/comments?post=113"}],"version-history":[{"count":8,"href":"http:\/\/zupa-marijagorica.hr\/web\/wp-json\/wp\/v2\/pages\/113\/revisions"}],"predecessor-version":[{"id":1130,"href":"http:\/\/zupa-marijagorica.hr\/web\/wp-json\/wp\/v2\/pages\/113\/revisions\/1130"}],"wp:attachment":[{"href":"http:\/\/zupa-marijagorica.hr\/web\/wp-json\/wp\/v2\/media?parent=113"}],"curies":[{"name":"wp","href":"https:\/\/api.w.org\/{rel}","templated":true}]}}