{"id":106,"date":"2013-05-21T17:17:31","date_gmt":"2013-05-21T15:17:31","guid":{"rendered":"http:\/\/zupa-marijagorica.hr\/web\/?page_id=106"},"modified":"2017-02-22T20:57:08","modified_gmt":"2017-02-22T18:57:08","slug":"krizma","status":"publish","type":"page","link":"http:\/\/zupa-marijagorica.hr\/web\/krizma","title":{"rendered":"Krizma"},"content":{"rendered":"<p>Prema odredbi Crkve, sakramenti se redovito primaju u \u017eupi stanovanja. <br \/>Za primanje sakramenata izvan \u017eupe stanovanja potreban je<br \/> valjani razlog na osnovu kojega \u017eupnik <br \/>mo\u017ee dati dozvolu za primanje sakramenata izvan \u017eupe.<\/p>\n<p>Crkva ne dopu\u0161ta primanje sakramenata bez dostatne priprave onih koji ih \u017eele primiti, a kod male djece pripravu poha\u0111aju roditelji i kumovi.<\/p>\n<p><strong>KRIZMA &#8211; SVETA POTVRDA<\/strong><\/p>\n<p>Svetu potvrdu, u na\u0161oj \u017eupi, redovito primaju vjerou\u010denici osmih razreda osnovnih \u0161kola koji stanuju na podru\u010dju na\u0161e \u017eupe.<\/p>\n<p>Od kandidata se tra\u017ei da:<br \/>\n&#8211; redovito poha\u0111aju \u0161kolski vjeronauk od prvog razreda osnovne \u0161kole<br \/>\n&#8211; redovito poha\u0111aju \u017eupski i \u0161kolski vjeronauk u osmom razredu<br \/>\n&#8211; ozbiljnost u pona\u0161anju i svjedo\u010denju svoje vjere<br \/>\n&#8211; redovito poha\u0111anje nedjeljne Euharistije i primanje sakramenata<br \/>\n&#8211; svladavanje odre\u0111enog znanja o vjeri i Crkvi<\/p>\n<p>Svaki od kandidata se kroz \u0161kolsku godinu uklju\u010duje u razli\u010dite aktivnosti pojedninih grupa mladih koje djeluju u \u017eupi. Nakon zavr\u0161ene priprave i provjera, kandidati se mogu pripustiti primanju sakramenta Svete Potvrde pri \u010demu ih prate njihovi kumovi.<\/p>\n<p><strong>Dokumenti koji su potrebni:<\/strong><\/p>\n<p>Roditelji svakog od kandidata, na po\u010detku vjeronau\u010dne i \u0161kolske godine, na roditeljskom sastanku, dobijaju prijavnicu za vjeronauk za krizmu. Tu prijavnicu, ispunjenu, kandidati predaju u \u017eupni ured najkasnije do 15. studenog. Ako kandidati \u017eive izvan \u017eupe tada moraju donijeti dozvolu svojega \u017eupnika za poha\u0111anje priprave i primanje potvrde u \u017eupi Marija Gorica. Kandidati iz susjednih \u017eupa, ne trebaju nikakavu dozvolu ve\u0107 se samo moraju javiti svojem \u017eupniku. Ako su kandidati kr\u0161teni izvan \u017eupe Marija Gorica tada o tome donose potvrdu iz \u017eupe u kojoj su kr\u0161teni. Sli\u010dno vrijedi i ako su primili prvu pri\u010dest izvan \u017eupe Marija Gorica. Dokumente kojima se dokazuje sposobnost kumova za kumovanje predaje se u \u017eupni ured do 20. prosinca. Svi dokumenti koji su potrebni moraju biti predani u \u017eupni ured do 20. prosinca, a ako to nije mogu\u0107e tada je o tome potrebno obavijestiti \u017eupni ured.<\/p>\n<p><strong>Kumovi<\/strong><\/p>\n<p>Prema odredbi Crkve kumovi na kr\u0161tenju i potvrdi moraju imati primljene sve sakramente kr\u0161\u0107anske inicijacije, ako \u017eive u braku moraju biti crkveno vjen\u010dani i trebaju istinski \u017eivjeti kr\u0161\u0107anskim \u017eivotom. Dokaze o ispunjavanju ovih pretpostavki donose iz svoje \u017eupe kr\u0161tenja i od \u017eupnika \u017eupe u kojoj \u017eive.<\/p>\n","protected":false},"excerpt":{"rendered":"<p>Prema odredbi Crkve, sakramenti se redovito primaju u \u017eupi stanovanja. Za primanje sakramenata izvan \u017eupe stanovanja potreban je valjani razlog na osnovu kojega \u017eupnik mo\u017ee dati dozvolu za primanje sakramenata izvan \u017eupe. Crkva ne dopu\u0161ta primanje sakramenata bez dostatne priprave &hellip; <a class=\"more-link\" href=\"http:\/\/zupa-marijagorica.hr\/web\/krizma\">Continue reading <span class=\"meta-nav\">&rarr;<\/span><\/a><\/p>\n","protected":false},"author":1,"featured_media":0,"parent":0,"menu_order":0,"comment_status":"closed","ping_status":"closed","template":"","meta":[],"_links":{"self":[{"href":"http:\/\/zupa-marijagorica.hr\/web\/wp-json\/wp\/v2\/pages\/106"}],"collection":[{"href":"http:\/\/zupa-marijagorica.hr\/web\/wp-json\/wp\/v2\/pages"}],"about":[{"href":"http:\/\/zupa-marijagorica.hr\/web\/wp-json\/wp\/v2\/types\/page"}],"author":[{"embeddable":true,"href":"http:\/\/zupa-marijagorica.hr\/web\/wp-json\/wp\/v2\/users\/1"}],"replies":[{"embeddable":true,"href":"http:\/\/zupa-marijagorica.hr\/web\/wp-json\/wp\/v2\/comments?post=106"}],"version-history":[{"count":7,"href":"http:\/\/zupa-marijagorica.hr\/web\/wp-json\/wp\/v2\/pages\/106\/revisions"}],"predecessor-version":[{"id":1041,"href":"http:\/\/zupa-marijagorica.hr\/web\/wp-json\/wp\/v2\/pages\/106\/revisions\/1041"}],"wp:attachment":[{"href":"http:\/\/zupa-marijagorica.hr\/web\/wp-json\/wp\/v2\/media?parent=106"}],"curies":[{"name":"wp","href":"https:\/\/api.w.org\/{rel}","templated":true}]}}